{"id":42,"date":"2020-10-15T16:10:38","date_gmt":"2020-10-15T14:10:38","guid":{"rendered":"http:\/\/localhost\/test-wordpress-woocommerce-11-09-20\/?post_type=product&#038;p=42"},"modified":"2025-10-06T15:21:30","modified_gmt":"2025-10-06T13:21:30","slug":"blanc-de-noir","status":"publish","type":"product","link":"https:\/\/champagne-burguet.fr\/index.php\/produit\/blanc-de-noir\/","title":{"rendered":"Blanc De Noir"},"content":{"rendered":"","protected":false},"excerpt":{"rendered":"<p>Champagne d\u2019une tr\u00e8s grande finesse, r\u00e9alis\u00e9 \u00e0 l\u2019aide de nos meilleures t\u00eates de cuv\u00e9es de Pinot Noir, ferment\u00e9 et \u00e9lev\u00e9 en f\u00fbt de ch\u00eane. Retrouvez un Champagne d\u2019antan\u2026<\/p>\n","protected":false},"featured_media":814,"template":"","meta":{"om_disable_all_campaigns":false,"sfsi_plus_gutenberg_text_before_share":"","sfsi_plus_gutenberg_show_text_before_share":"","sfsi_plus_gutenberg_icon_type":"","sfsi_plus_gutenberg_icon_alignemt":"","sfsi_plus_gutenburg_max_per_row":"","_monsterinsights_skip_tracking":false,"_monsterinsights_sitenote_active":false,"_monsterinsights_sitenote_note":"","_monsterinsights_sitenote_category":0},"product_cat":[38],"product_tag":[],"aioseo_notices":[],"_links":{"self":[{"href":"https:\/\/champagne-burguet.fr\/index.php\/wp-json\/wp\/v2\/product\/42"}],"collection":[{"href":"https:\/\/champagne-burguet.fr\/index.php\/wp-json\/wp\/v2\/product"}],"about":[{"href":"https:\/\/champagne-burguet.fr\/index.php\/wp-json\/wp\/v2\/types\/product"}],"wp:featuredmedia":[{"embeddable":true,"href":"https:\/\/champagne-burguet.fr\/index.php\/wp-json\/wp\/v2\/media\/814"}],"wp:attachment":[{"href":"https:\/\/champagne-burguet.fr\/index.php\/wp-json\/wp\/v2\/media?parent=42"}],"wp:term":[{"taxonomy":"product_cat","embeddable":true,"href":"https:\/\/champagne-burguet.fr\/index.php\/wp-json\/wp\/v2\/product_cat?post=42"},{"taxonomy":"product_tag","embeddable":true,"href":"https:\/\/champagne-burguet.fr\/index.php\/wp-json\/wp\/v2\/product_tag?post=42"}],"curies":[{"name":"wp","href":"https:\/\/api.w.org\/{rel}","templated":true}]}}