{"id":38,"date":"2020-10-15T16:02:43","date_gmt":"2020-10-15T14:02:43","guid":{"rendered":"http:\/\/localhost\/test-wordpress-woocommerce-11-09-20\/?post_type=product&#038;p=38"},"modified":"2025-10-06T15:22:00","modified_gmt":"2025-10-06T13:22:00","slug":"carte-dor","status":"publish","type":"product","link":"https:\/\/champagne-burguet.fr\/index.php\/produit\/carte-dor\/","title":{"rendered":"Carte D&rsquo;Or"},"content":{"rendered":"","protected":false},"excerpt":{"rendered":"<p>Pr\u00e9sent\u00e9e en flaconnage de type \u00ab\u00a0Dom P\u00e9rignon\u00a0\u00bb, cette cuv\u00e9e r\u00e9sulte du mariage du Pinot Noir (70%) et du Chardonnay (30%). Cet assemblage harmonieux laissera \u00e9chapper son ar\u00f4me subtil et \u00e9l\u00e9gant.<\/p>\n","protected":false},"featured_media":805,"template":"","meta":{"om_disable_all_campaigns":false,"sfsi_plus_gutenberg_text_before_share":"","sfsi_plus_gutenberg_show_text_before_share":"","sfsi_plus_gutenberg_icon_type":"","sfsi_plus_gutenberg_icon_alignemt":"","sfsi_plus_gutenburg_max_per_row":"","_monsterinsights_skip_tracking":false,"_monsterinsights_sitenote_active":false,"_monsterinsights_sitenote_note":"","_monsterinsights_sitenote_category":0},"product_cat":[38],"product_tag":[],"aioseo_notices":[],"_links":{"self":[{"href":"https:\/\/champagne-burguet.fr\/index.php\/wp-json\/wp\/v2\/product\/38"}],"collection":[{"href":"https:\/\/champagne-burguet.fr\/index.php\/wp-json\/wp\/v2\/product"}],"about":[{"href":"https:\/\/champagne-burguet.fr\/index.php\/wp-json\/wp\/v2\/types\/product"}],"wp:featuredmedia":[{"embeddable":true,"href":"https:\/\/champagne-burguet.fr\/index.php\/wp-json\/wp\/v2\/media\/805"}],"wp:attachment":[{"href":"https:\/\/champagne-burguet.fr\/index.php\/wp-json\/wp\/v2\/media?parent=38"}],"wp:term":[{"taxonomy":"product_cat","embeddable":true,"href":"https:\/\/champagne-burguet.fr\/index.php\/wp-json\/wp\/v2\/product_cat?post=38"},{"taxonomy":"product_tag","embeddable":true,"href":"https:\/\/champagne-burguet.fr\/index.php\/wp-json\/wp\/v2\/product_tag?post=38"}],"curies":[{"name":"wp","href":"https:\/\/api.w.org\/{rel}","templated":true}]}}