{"id":33,"date":"2020-10-15T16:00:26","date_gmt":"2020-10-15T14:00:26","guid":{"rendered":"http:\/\/localhost\/test-wordpress-woocommerce-11-09-20\/?post_type=product&#038;p=33"},"modified":"2025-11-06T17:04:15","modified_gmt":"2025-11-06T16:04:15","slug":"rose","status":"publish","type":"product","link":"https:\/\/champagne-burguet.fr\/index.php\/produit\/rose\/","title":{"rendered":"Ros\u00e9"},"content":{"rendered":"","protected":false},"excerpt":{"rendered":"<p>Notre Ros\u00e9 est compos\u00e9 des c\u00e9pages Chardonnay et Pinot Noir, ce dernier lui apporte \u00e0 la fois sa couleur et ses ar\u00f4mes de fruits rouges.<\/p>\n","protected":false},"featured_media":1264,"template":"","meta":{"om_disable_all_campaigns":false,"sfsi_plus_gutenberg_text_before_share":"","sfsi_plus_gutenberg_show_text_before_share":"","sfsi_plus_gutenberg_icon_type":"","sfsi_plus_gutenberg_icon_alignemt":"","sfsi_plus_gutenburg_max_per_row":"","_monsterinsights_skip_tracking":false,"_monsterinsights_sitenote_active":false,"_monsterinsights_sitenote_note":"","_monsterinsights_sitenote_category":0},"product_cat":[38],"product_tag":[],"aioseo_notices":[],"_links":{"self":[{"href":"https:\/\/champagne-burguet.fr\/index.php\/wp-json\/wp\/v2\/product\/33"}],"collection":[{"href":"https:\/\/champagne-burguet.fr\/index.php\/wp-json\/wp\/v2\/product"}],"about":[{"href":"https:\/\/champagne-burguet.fr\/index.php\/wp-json\/wp\/v2\/types\/product"}],"wp:featuredmedia":[{"embeddable":true,"href":"https:\/\/champagne-burguet.fr\/index.php\/wp-json\/wp\/v2\/media\/1264"}],"wp:attachment":[{"href":"https:\/\/champagne-burguet.fr\/index.php\/wp-json\/wp\/v2\/media?parent=33"}],"wp:term":[{"taxonomy":"product_cat","embeddable":true,"href":"https:\/\/champagne-burguet.fr\/index.php\/wp-json\/wp\/v2\/product_cat?post=33"},{"taxonomy":"product_tag","embeddable":true,"href":"https:\/\/champagne-burguet.fr\/index.php\/wp-json\/wp\/v2\/product_tag?post=33"}],"curies":[{"name":"wp","href":"https:\/\/api.w.org\/{rel}","templated":true}]}}