{"id":718,"date":"2020-12-15T10:35:03","date_gmt":"2020-12-15T09:35:03","guid":{"rendered":"http:\/\/localhost\/test-wordpress-woocommerce-11-09-20\/?page_id=718"},"modified":"2020-12-15T10:44:37","modified_gmt":"2020-12-15T09:44:37","slug":"mentions-legales","status":"publish","type":"page","link":"https:\/\/champagne-burguet.fr\/index.php\/mentions-legales\/","title":{"rendered":"MENTIONS L\u00c9GALES"},"content":{"rendered":"\n<p style=\"text-align:justify\"><strong>&nbsp;<\/strong><br>\nConform\u00e9ment aux dispositions des articles 6-III et 19 de la Loi n\u00b0 2004-575 du 21 juin 2004 pour la Confiance dans l&rsquo;\u00e9conomie num\u00e9rique, dite L.C.E.N., nous portons \u00e0 la connaissance des utilisateurs et visiteurs du site : <a href=\"http:\/\/www.champagne-burguet.fr\" target=\"_blank\" rel=\"noopener noreferrer\">www.champagne-burguet.fr<\/a> les informations suivantes :<\/p>\n\n<p style=\"text-align:justify\"><strong>\u00c9DITEUR<\/strong><\/p>\n\n<p style=\"text-align:justify\">Le site <a href=\"http:\/\/www.champagne-burguet.fr\" style=\"color: rgb(7, 130, 193); font-family: sans-serif, Arial, Verdana, \" target=\"_blank\" rel=\"noopener noreferrer\">www.champagne-burguet.fr<\/a>&nbsp;est la propri\u00e9t\u00e9 exclusive de&nbsp;<strong>SCEV&nbsp;<\/strong><strong>Champagne A. BURGUET<\/strong>, qui l&rsquo;\u00e9dite.<\/p>\n\n<p style=\"text-align:justify\"><strong>Champagne A. BURGUET<\/strong><strong>&nbsp;<\/strong><br>\n<strong>SCEV <\/strong>au capital de<strong>&nbsp;<\/strong><strong>1600? <\/strong>\u20acT\u00e9l&nbsp; : <strong>03.23.82.15.63<\/strong><\/p>\n\n<p style=\"text-align:justify\"><strong>24 Grande Rue&nbsp;<\/strong><strong>02310 Crouttes-Sur-Marne<\/strong><br>\nImmatricul\u00e9e au Registre du Commerce et des Soci\u00e9t\u00e9s de&nbsp;<strong>RCS SOISSONS 344 617 089 <\/strong>sous le num\u00e9ro<strong>&nbsp;<\/strong><strong>344 617 089 00018<\/strong><strong>&nbsp;<\/strong><\/p>\n\n<p style=\"text-align:justify\">Num\u00e9ro TVA intracommunautaire : <strong>FR 59344617089<\/strong><br>\nAdresse de courrier \u00e9lectronique : <strong>scevaburguet@free.fr<\/strong>&nbsp;<br>\n&nbsp;<br>\nDirecteur de la&nbsp; publication&nbsp;: <strong>Champagne A. BURGUET<\/strong><br>\nContactez le responsable de la publication : <strong>scevaburguet@free.fr<\/strong><\/p>\n\n<p style=\"text-align:justify\">&nbsp;<\/p>\n\n<p style=\"text-align:justify\"><strong>H\u00c9BERGEMENT<\/strong><\/p>\n\n<p style=\"text-align:justify\">Le site est h\u00e9berg\u00e9&nbsp;par&nbsp;<strong>OVH 2 rue Kellermann 59100 Roubaix<\/strong><br><br>\n<u><strong>CREDITS :<\/strong><\/u> les mentions l\u00e9gales ont \u00e9t\u00e9s g\u00e9n\u00e9r\u00e9es par <strong><a href=\"https:\/\/www.generer-mentions-legales.com\">mentions l\u00e9gales<\/a><\/strong><br>\nHoraires de la&nbsp;<strong><a href=\"http:\/\/www.patinoire.biz\/p+patinoire-de-lyon---charlemagne+113.html\">Patinoire&nbsp;Lyon<\/a><\/strong><\/p>\n","protected":false},"excerpt":{"rendered":"<p>&nbsp; Conform\u00e9ment aux dispositions des articles 6-III et 19 de la Loi n\u00b0 2004-575 du 21 juin 2004 pour la Confiance dans [&hellip;]<\/p>\n","protected":false},"author":1,"featured_media":0,"parent":0,"menu_order":0,"comment_status":"closed","ping_status":"closed","template":"","meta":{"om_disable_all_campaigns":false,"sfsi_plus_gutenberg_text_before_share":"","sfsi_plus_gutenberg_show_text_before_share":"","sfsi_plus_gutenberg_icon_type":"","sfsi_plus_gutenberg_icon_alignemt":"","sfsi_plus_gutenburg_max_per_row":"","_monsterinsights_skip_tracking":false,"_monsterinsights_sitenote_active":false,"_monsterinsights_sitenote_note":"","_monsterinsights_sitenote_category":0},"aioseo_notices":[],"_links":{"self":[{"href":"https:\/\/champagne-burguet.fr\/index.php\/wp-json\/wp\/v2\/pages\/718"}],"collection":[{"href":"https:\/\/champagne-burguet.fr\/index.php\/wp-json\/wp\/v2\/pages"}],"about":[{"href":"https:\/\/champagne-burguet.fr\/index.php\/wp-json\/wp\/v2\/types\/page"}],"author":[{"embeddable":true,"href":"https:\/\/champagne-burguet.fr\/index.php\/wp-json\/wp\/v2\/users\/1"}],"replies":[{"embeddable":true,"href":"https:\/\/champagne-burguet.fr\/index.php\/wp-json\/wp\/v2\/comments?post=718"}],"version-history":[{"count":4,"href":"https:\/\/champagne-burguet.fr\/index.php\/wp-json\/wp\/v2\/pages\/718\/revisions"}],"predecessor-version":[{"id":723,"href":"https:\/\/champagne-burguet.fr\/index.php\/wp-json\/wp\/v2\/pages\/718\/revisions\/723"}],"wp:attachment":[{"href":"https:\/\/champagne-burguet.fr\/index.php\/wp-json\/wp\/v2\/media?parent=718"}],"curies":[{"name":"wp","href":"https:\/\/api.w.org\/{rel}","templated":true}]}}