{"id":569,"date":"2019-10-23T10:49:22","date_gmt":"2019-10-23T10:49:22","guid":{"rendered":"http:\/\/demo.athemes.com\/sydney-redesign\/?page_id=2"},"modified":"2021-07-26T21:23:57","modified_gmt":"2021-07-26T19:23:57","slug":"sample-page","status":"publish","type":"page","link":"https:\/\/champagne-burguet.fr\/index.php\/sample-page\/","title":{"rendered":"Sample Page"},"content":{"rendered":"\t\t<div data-elementor-type=\"wp-page\" data-elementor-id=\"569\" class=\"elementor elementor-569\">\n\t\t\t\t\t\t<section class=\"elementor-section elementor-top-section elementor-element elementor-element-5648c29 elementor-section-boxed elementor-section-height-default elementor-section-height-default\" data-id=\"5648c29\" data-element_type=\"section\">\n\t\t\t\t\t\t<div class=\"elementor-container elementor-column-gap-default\">\n\t\t\t\t\t<div class=\"elementor-column elementor-col-100 elementor-top-column elementor-element elementor-element-4f1cc48b\" data-id=\"4f1cc48b\" data-element_type=\"column\">\n\t\t\t<div class=\"elementor-widget-wrap elementor-element-populated\">\n\t\t\t\t\t\t\t<\/div>\n\t\t<\/div>\n\t\t\t\t\t<\/div>\n\t\t<\/section>\n\t\t\t\t<section class=\"elementor-section elementor-top-section elementor-element elementor-element-b2117b1 elementor-section-boxed elementor-section-height-default elementor-section-height-default\" data-id=\"b2117b1\" data-element_type=\"section\">\n\t\t\t\t\t\t<div class=\"elementor-container elementor-column-gap-default\">\n\t\t\t\t\t<div class=\"elementor-column elementor-col-100 elementor-top-column elementor-element elementor-element-75c7716\" data-id=\"75c7716\" data-element_type=\"column\">\n\t\t\t<div class=\"elementor-widget-wrap elementor-element-populated\">\n\t\t\t\t\t\t<section class=\"elementor-section elementor-inner-section elementor-element elementor-element-5d25c33 elementor-section-boxed elementor-section-height-default elementor-section-height-default\" data-id=\"5d25c33\" data-element_type=\"section\">\n\t\t\t\t\t\t<div class=\"elementor-container elementor-column-gap-default\">\n\t\t\t\t\t<div class=\"elementor-column elementor-col-66 elementor-inner-column elementor-element elementor-element-61f47e9\" data-id=\"61f47e9\" data-element_type=\"column\">\n\t\t\t<div class=\"elementor-widget-wrap elementor-element-populated\">\n\t\t\t\t\t\t<div class=\"elementor-element elementor-element-bdc1b20 elementor-widget elementor-widget-heading\" data-id=\"bdc1b20\" data-element_type=\"widget\" data-widget_type=\"heading.default\">\n\t\t\t\t<div class=\"elementor-widget-container\">\n\t\t\t<h2 class=\"elementor-heading-title elementor-size-default\">Certification HVE<\/h2>\t\t<\/div>\n\t\t\t\t<\/div>\n\t\t\t\t<div class=\"elementor-element elementor-element-23667e8 elementor-widget elementor-widget-text-editor\" data-id=\"23667e8\" data-element_type=\"widget\" data-widget_type=\"text-editor.default\">\n\t\t\t\t<div class=\"elementor-widget-container\">\n\t\t\t\t\t\t\t<p>Qu&rsquo;est ce que le label HVE ?<\/p>\n<p>La Haute valeur environnementale (HVE) garantit que les pratiques agricoles utilis\u00e9es sur l&rsquo;ensemble d&rsquo;une exploitation pr\u00e9servent l&rsquo;\u00e9cosyst\u00e8me naturel et r\u00e9duisent au minimum la pression sur l&rsquo;environnement (sol, eau, biodiversit\u00e9&#8230;).<br><\/p>\n<p>La mention HVE s&rsquo;appuie sur des indicateurs mesurant la performance environnementale des exploitations. Elle est fond\u00e9e sur trois th\u00e9matiques :<\/p>\n<ul>\n<li>la pr\u00e9servation de la biodiversit\u00e9 (insectes, arbres, haies, bandes enherb\u00e9es, fleurs &#8230;) ;<\/li>\n<li>la strat\u00e9gie phytosanitaire ;<\/li>\n<li>la gestion de la fertilisation.<\/li>\n<\/ul>\n<p>Le viticulteur met en \u0153uvre des pratiques agricoles reposant notamment sur les principes de l&rsquo;agro\u00e9cologie. Il s&rsquo;agit de favoriser les ressources et les m\u00e9canismes de la nature. Autonomie de l&rsquo;exploitation, am\u00e9lioration de la valeur ajout\u00e9e des produits, r\u00e9duction de la consommation \u00e9nerg\u00e9tique, r\u00e9duction de l&rsquo;utilisation des produits phytopharmaceutiques&#8230;&nbsp;<\/p>\n<p><br><\/p>\n<p>Nos actions<\/p>\n<p>Pr\u00e9servation des sols : plantation de haies autour de nos vignobles, enherbement des vignes, pratique de la confusion sexuelle.<\/p>\n<p>Strat\u00e9gie phytosanitaire : R\u00e9gulation des traitements utilis\u00e9s,&nbsp;&nbsp;tri s\u00e9lectif des d\u00e9chets.<\/p>\n<p><br><\/p>\n<p>Notre d\u00e9marche<\/p>\n<p>Le Champagne Burguet cherche depuis des ann\u00e9es \u00e0 am\u00e9liorer ses conditions de travail de la Terre par des actions au fil des ann\u00e9es. Ce label HVE nous a pouss\u00e9 dans cette d\u00e9marche avec un cahier des charges complet. Il s&rsquo;agit d&rsquo;une belle \u00e9tape franchie, mais nous allons poursuivre cette qu\u00eate vers une viticulture des plus \u00e9thique tout en conservant la qualit\u00e9 de notre Champagne.&nbsp;<\/p>\n<p><br><\/p>\t\t\t\t\t\t<\/div>\n\t\t\t\t<\/div>\n\t\t\t\t\t<\/div>\n\t\t<\/div>\n\t\t\t\t<div class=\"elementor-column elementor-col-33 elementor-inner-column elementor-element elementor-element-de9eebc\" data-id=\"de9eebc\" data-element_type=\"column\">\n\t\t\t<div class=\"elementor-widget-wrap\">\n\t\t\t\t\t\t\t<\/div>\n\t\t<\/div>\n\t\t\t\t\t<\/div>\n\t\t<\/section>\n\t\t\t\t\t<\/div>\n\t\t<\/div>\n\t\t\t\t\t<\/div>\n\t\t<\/section>\n\t\t\t\t<\/div>\n\t\t","protected":false},"excerpt":{"rendered":"<p>Certification HVE Qu&rsquo;est ce que le label HVE ? La Haute valeur environnementale (HVE) garantit que les pratiques agricoles utilis\u00e9es sur l&rsquo;ensemble [&hellip;]<\/p>\n","protected":false},"author":1,"featured_media":0,"parent":0,"menu_order":0,"comment_status":"closed","ping_status":"open","template":"","meta":{"om_disable_all_campaigns":false,"sfsi_plus_gutenberg_text_before_share":"","sfsi_plus_gutenberg_show_text_before_share":"","sfsi_plus_gutenberg_icon_type":"","sfsi_plus_gutenberg_icon_alignemt":"","sfsi_plus_gutenburg_max_per_row":"","_monsterinsights_skip_tracking":false,"_monsterinsights_sitenote_active":false,"_monsterinsights_sitenote_note":"","_monsterinsights_sitenote_category":0},"aioseo_notices":[],"_links":{"self":[{"href":"https:\/\/champagne-burguet.fr\/index.php\/wp-json\/wp\/v2\/pages\/569"}],"collection":[{"href":"https:\/\/champagne-burguet.fr\/index.php\/wp-json\/wp\/v2\/pages"}],"about":[{"href":"https:\/\/champagne-burguet.fr\/index.php\/wp-json\/wp\/v2\/types\/page"}],"author":[{"embeddable":true,"href":"https:\/\/champagne-burguet.fr\/index.php\/wp-json\/wp\/v2\/users\/1"}],"replies":[{"embeddable":true,"href":"https:\/\/champagne-burguet.fr\/index.php\/wp-json\/wp\/v2\/comments?post=569"}],"version-history":[{"count":10,"href":"https:\/\/champagne-burguet.fr\/index.php\/wp-json\/wp\/v2\/pages\/569\/revisions"}],"predecessor-version":[{"id":999,"href":"https:\/\/champagne-burguet.fr\/index.php\/wp-json\/wp\/v2\/pages\/569\/revisions\/999"}],"wp:attachment":[{"href":"https:\/\/champagne-burguet.fr\/index.php\/wp-json\/wp\/v2\/media?parent=569"}],"curies":[{"name":"wp","href":"https:\/\/api.w.org\/{rel}","templated":true}]}}