{"id":361,"date":"2019-10-30T19:37:49","date_gmt":"2019-10-30T19:37:49","guid":{"rendered":"http:\/\/demo.athemes.com\/sydney-redesign\/?page_id=361"},"modified":"2021-07-28T19:57:00","modified_gmt":"2021-07-28T17:57:00","slug":"notre-maison","status":"publish","type":"page","link":"https:\/\/champagne-burguet.fr\/index.php\/notre-maison\/","title":{"rendered":"Notre maison"},"content":{"rendered":"\t\t<div data-elementor-type=\"wp-page\" data-elementor-id=\"361\" class=\"elementor elementor-361\">\n\t\t\t\t\t\t<section class=\"elementor-section elementor-top-section elementor-element elementor-element-765645f elementor-section-stretched elementor-section-boxed elementor-section-height-default elementor-section-height-default\" data-id=\"765645f\" data-element_type=\"section\" data-settings=\"{&quot;stretch_section&quot;:&quot;section-stretched&quot;}\">\n\t\t\t\t\t\t<div class=\"elementor-container elementor-column-gap-default\">\n\t\t\t\t\t<div class=\"elementor-column elementor-col-100 elementor-top-column elementor-element elementor-element-648531e\" data-id=\"648531e\" data-element_type=\"column\">\n\t\t\t<div class=\"elementor-widget-wrap elementor-element-populated\">\n\t\t\t\t\t\t<div class=\"elementor-element elementor-element-216cbf4 elementor-widget elementor-widget-heading\" data-id=\"216cbf4\" data-element_type=\"widget\" data-widget_type=\"heading.default\">\n\t\t\t\t<div class=\"elementor-widget-container\">\n\t\t\t<h1 class=\"elementor-heading-title elementor-size-default\">NOTRE HISTOIRE<\/h1>\t\t<\/div>\n\t\t\t\t<\/div>\n\t\t\t\t\t<\/div>\n\t\t<\/div>\n\t\t\t\t\t<\/div>\n\t\t<\/section>\n\t\t\t\t<section class=\"elementor-section elementor-top-section elementor-element elementor-element-8db6d66 elementor-section-stretched elementor-section-boxed elementor-section-height-default elementor-section-height-default\" data-id=\"8db6d66\" data-element_type=\"section\" data-settings=\"{&quot;stretch_section&quot;:&quot;section-stretched&quot;}\">\n\t\t\t\t\t\t<div class=\"elementor-container elementor-column-gap-default\">\n\t\t\t\t\t<div class=\"elementor-column elementor-col-66 elementor-top-column elementor-element elementor-element-614ee50\" data-id=\"614ee50\" data-element_type=\"column\">\n\t\t\t<div class=\"elementor-widget-wrap elementor-element-populated\">\n\t\t\t\t\t\t<div class=\"elementor-element elementor-element-e39e326 elementor-widget elementor-widget-image\" data-id=\"e39e326\" data-element_type=\"widget\" data-widget_type=\"image.default\">\n\t\t\t\t<div class=\"elementor-widget-container\">\n\t\t\t\t\t\t\t\t\t\t\t\t\t<img fetchpriority=\"high\" decoding=\"async\" width=\"1024\" height=\"768\" src=\"https:\/\/champagne-burguet.fr\/wp-content\/uploads\/2020\/12\/DSCN0516-1024x768.jpg\" class=\"attachment-large size-large wp-image-631\" alt=\"\" srcset=\"https:\/\/champagne-burguet.fr\/wp-content\/uploads\/2020\/12\/DSCN0516-1024x768.jpg 1024w, https:\/\/champagne-burguet.fr\/wp-content\/uploads\/2020\/12\/DSCN0516-800x600.jpg 800w, https:\/\/champagne-burguet.fr\/wp-content\/uploads\/2020\/12\/DSCN0516-300x225.jpg 300w, https:\/\/champagne-burguet.fr\/wp-content\/uploads\/2020\/12\/DSCN0516-768x576.jpg 768w, https:\/\/champagne-burguet.fr\/wp-content\/uploads\/2020\/12\/DSCN0516-1536x1152.jpg 1536w, https:\/\/champagne-burguet.fr\/wp-content\/uploads\/2020\/12\/DSCN0516-2048x1536.jpg 2048w, https:\/\/champagne-burguet.fr\/wp-content\/uploads\/2020\/12\/DSCN0516-830x623.jpg 830w, https:\/\/champagne-burguet.fr\/wp-content\/uploads\/2020\/12\/DSCN0516-230x173.jpg 230w, https:\/\/champagne-burguet.fr\/wp-content\/uploads\/2020\/12\/DSCN0516-350x263.jpg 350w, https:\/\/champagne-burguet.fr\/wp-content\/uploads\/2020\/12\/DSCN0516-480x360.jpg 480w, https:\/\/champagne-burguet.fr\/wp-content\/uploads\/2020\/12\/DSCN0516-600x450.jpg 600w\" sizes=\"(max-width: 1024px) 100vw, 1024px\" \/>\t\t\t\t\t\t\t\t\t\t\t\t\t<\/div>\n\t\t\t\t<\/div>\n\t\t\t\t\t<\/div>\n\t\t<\/div>\n\t\t\t\t<div class=\"elementor-column elementor-col-33 elementor-top-column elementor-element elementor-element-b299877\" data-id=\"b299877\" data-element_type=\"column\">\n\t\t\t<div class=\"elementor-widget-wrap elementor-element-populated\">\n\t\t\t\t\t\t<div class=\"elementor-element elementor-element-ab6fb8f elementor-drop-cap-yes elementor-drop-cap-view-default elementor-widget elementor-widget-text-editor\" data-id=\"ab6fb8f\" data-element_type=\"widget\" data-settings=\"{&quot;drop_cap&quot;:&quot;yes&quot;}\" data-widget_type=\"text-editor.default\">\n\t\t\t\t<div class=\"elementor-widget-container\">\n\t\t\t\t\t\t\t<p style=\"margin-bottom: 1.5em; padding: 0px; color: #ae4848; font-family: Roboto, sans-serif; font-size: 16px;\"><span style=\"color: #000000; font-family: 'Open Sans', Arial, sans-serif; font-size: 14px; text-align: justify;\">Crouttes sur Marne, petit village Champenois aux deux atouts, \u00e0 la fois aux portes de Paris mais aussi situ\u00e9 sur la\u00a0<span style=\"font-weight: bold;\">route touristique du Champagne<\/span>, m\u00e9rite le d\u00e9tour.<\/span><\/p><p style=\"margin-bottom: 1.5em; padding: 0px; color: #ae4848; font-family: Roboto, sans-serif; font-size: 16px;\"><span style=\"color: #000000; font-family: 'Open Sans', Arial, sans-serif; font-size: 14px; text-align: justify;\">L\u2019accueil vous sera r\u00e9serv\u00e9 au Champagne Andr\u00e9 BURGUET : quatre g\u00e9n\u00e9rations de\u00a0<span style=\"font-weight: bold;\">r\u00e9coltant manipulant<\/span>\u00a0se sont succ\u00e9d\u00e9s depuis que celui-ci prit l\u2019initiative de conserver son raisin, de le champagniser et le commercialiser.<\/span><\/p><p style=\"margin-bottom: 1.5em; padding: 0px; color: #ae4848; font-family: Roboto, sans-serif; font-size: 16px;\"><span style=\"color: #000000; font-family: 'Open Sans', Arial, sans-serif; font-size: 14px; text-align: justify;\">Depuis, Isabelle et Dany assurent la continuit\u00e9 dans le respect des r\u00e8gles ancestrales.<\/span><\/p><p style=\"margin-bottom: 1.5em; padding: 0px; color: #ae4848; font-family: Roboto, sans-serif; font-size: 16px;\"><span style=\"color: #000000; font-family: 'Open Sans', Arial, sans-serif; font-size: 14px; text-align: justify;\">Nos assemblages sont r\u00e9alis\u00e9s \u00e0 partir des trois c\u00e9pages champenois : le\u00a0<span style=\"font-weight: bold;\">pinot\u00a0<\/span><span style=\"font-weight: bold;\">meunier<\/span>, le\u00a0<span style=\"font-weight: bold;\">pinot noir<\/span>\u00a0et le\u00a0<span style=\"font-weight: bold;\">chardonnay<\/span>. \u00c9quip\u00e9 d\u2019un pressoir traditionnel permettant une lente extraction du jus et la r\u00e9v\u00e9lation maximale des ar\u00f4mes, nos vins atteignent leur maturit\u00e9 de vieillissement apr\u00e8s plusieurs ann\u00e9es.<\/span><\/p>\t\t\t\t\t\t<\/div>\n\t\t\t\t<\/div>\n\t\t\t\t\t<\/div>\n\t\t<\/div>\n\t\t\t\t\t<\/div>\n\t\t<\/section>\n\t\t\t\t<section class=\"elementor-section elementor-top-section elementor-element elementor-element-c682bec elementor-section-stretched elementor-section-boxed elementor-section-height-default elementor-section-height-default\" data-id=\"c682bec\" data-element_type=\"section\" data-settings=\"{&quot;stretch_section&quot;:&quot;section-stretched&quot;,&quot;background_background&quot;:&quot;classic&quot;}\">\n\t\t\t\t\t\t<div class=\"elementor-container elementor-column-gap-default\">\n\t\t\t\t\t<div class=\"elementor-column elementor-col-100 elementor-top-column elementor-element elementor-element-0698a5f\" data-id=\"0698a5f\" data-element_type=\"column\">\n\t\t\t<div class=\"elementor-widget-wrap elementor-element-populated\">\n\t\t\t\t\t\t<div class=\"elementor-element elementor-element-2f762bd elementor-widget elementor-widget-heading\" data-id=\"2f762bd\" data-element_type=\"widget\" data-widget_type=\"heading.default\">\n\t\t\t\t<div class=\"elementor-widget-container\">\n\t\t\t<h1 class=\"elementor-heading-title elementor-size-default\">CERTIFICATION HVE<\/h1>\t\t<\/div>\n\t\t\t\t<\/div>\n\t\t\t\t<section class=\"elementor-section elementor-inner-section elementor-element elementor-element-bd74c39 elementor-section-boxed elementor-section-height-default elementor-section-height-default\" data-id=\"bd74c39\" data-element_type=\"section\">\n\t\t\t\t\t\t<div class=\"elementor-container elementor-column-gap-default\">\n\t\t\t\t\t<div class=\"elementor-column elementor-col-50 elementor-inner-column elementor-element elementor-element-83c112c\" data-id=\"83c112c\" data-element_type=\"column\">\n\t\t\t<div class=\"elementor-widget-wrap elementor-element-populated\">\n\t\t\t\t\t\t<div class=\"elementor-element elementor-element-27cbb00 elementor-widget elementor-widget-heading\" data-id=\"27cbb00\" data-element_type=\"widget\" data-widget_type=\"heading.default\">\n\t\t\t\t<div class=\"elementor-widget-container\">\n\t\t\t<h3 class=\"elementor-heading-title elementor-size-default\">Qu'est ce que le label HVE ?<\/h3>\t\t<\/div>\n\t\t\t\t<\/div>\n\t\t\t\t<div class=\"elementor-element elementor-element-918a8a5 elementor-widget elementor-widget-text-editor\" data-id=\"918a8a5\" data-element_type=\"widget\" data-widget_type=\"text-editor.default\">\n\t\t\t\t<div class=\"elementor-widget-container\">\n\t\t\t\t\t\t\t<p>La Haute Valeur Environnementale (HVE) garantit que les pratiques agricoles utilis\u00e9es sur l&rsquo;ensemble d&rsquo;une exploitation pr\u00e9servent l&rsquo;\u00e9cosyst\u00e8me naturel et r\u00e9duisent au minimum la pression sur l&rsquo;environnement (sol, eau, biodiversit\u00e9&#8230;).<br><\/p>\n<p>La mention HVE s&rsquo;appuie sur des indicateurs mesurant la performance environnementale des exploitations. Elle est fond\u00e9e sur trois th\u00e9matiques:<\/p>\n<p><ul><li>la pr\u00e9servation de la biodiversit\u00e9 (insectes, arbres, haies, bandes enherb\u00e9es, fleurs &#8230;) ;<\/li><li>la strat\u00e9gie phytosanitaire ;<\/li><li>la gestion de la fertilisation.<\/li><\/ul><\/p>\n\n\n<p>Le viticulteur met en \u0153uvre des pratiques agricoles reposant notamment sur les principes de l&rsquo;agro\u00e9cologie. Il s&rsquo;agit de favoriser les ressources et les m\u00e9canismes de la nature. Autonomie de l&rsquo;exploitation, am\u00e9lioration de la valeur ajout\u00e9e des produits, r\u00e9duction de la consommation \u00e9nerg\u00e9tique, r\u00e9duction de l&rsquo;utilisation des produits phytopharmaceutiques&#8230;&nbsp;<\/p>\t\t\t\t\t\t<\/div>\n\t\t\t\t<\/div>\n\t\t\t\t\t<\/div>\n\t\t<\/div>\n\t\t\t\t<div class=\"elementor-column elementor-col-50 elementor-inner-column elementor-element elementor-element-3e0c540\" data-id=\"3e0c540\" data-element_type=\"column\">\n\t\t\t<div class=\"elementor-widget-wrap elementor-element-populated\">\n\t\t\t\t\t\t<div class=\"elementor-element elementor-element-3422d00 elementor-widget elementor-widget-image\" data-id=\"3422d00\" data-element_type=\"widget\" data-widget_type=\"image.default\">\n\t\t\t\t<div class=\"elementor-widget-container\">\n\t\t\t\t\t\t\t\t\t\t\t\t\t<img decoding=\"async\" width=\"100\" height=\"100\" src=\"https:\/\/champagne-burguet.fr\/wp-content\/uploads\/2021\/07\/HVE-451-100x100.png\" class=\"attachment-woocommerce_gallery_thumbnail size-woocommerce_gallery_thumbnail wp-image-1000\" alt=\"\" srcset=\"https:\/\/champagne-burguet.fr\/wp-content\/uploads\/2021\/07\/HVE-451-100x100.png 100w, https:\/\/champagne-burguet.fr\/wp-content\/uploads\/2021\/07\/HVE-451-420x420.png 420w, https:\/\/champagne-burguet.fr\/wp-content\/uploads\/2021\/07\/HVE-451-300x300.png 300w, https:\/\/champagne-burguet.fr\/wp-content\/uploads\/2021\/07\/HVE-451-150x150.png 150w, https:\/\/champagne-burguet.fr\/wp-content\/uploads\/2021\/07\/HVE-451-230x230.png 230w, https:\/\/champagne-burguet.fr\/wp-content\/uploads\/2021\/07\/HVE-451-350x350.png 350w, https:\/\/champagne-burguet.fr\/wp-content\/uploads\/2021\/07\/HVE-451.png 451w\" sizes=\"(max-width: 100px) 100vw, 100px\" \/>\t\t\t\t\t\t\t\t\t\t\t\t\t<\/div>\n\t\t\t\t<\/div>\n\t\t\t\t<div class=\"elementor-element elementor-element-b8707f0 elementor-widget elementor-widget-heading\" data-id=\"b8707f0\" data-element_type=\"widget\" data-widget_type=\"heading.default\">\n\t\t\t\t<div class=\"elementor-widget-container\">\n\t\t\t<h3 class=\"elementor-heading-title elementor-size-default\">Nos actions<\/h3>\t\t<\/div>\n\t\t\t\t<\/div>\n\t\t\t\t<div class=\"elementor-element elementor-element-4018602 elementor-widget elementor-widget-text-editor\" data-id=\"4018602\" data-element_type=\"widget\" data-widget_type=\"text-editor.default\">\n\t\t\t\t<div class=\"elementor-widget-container\">\n\t\t\t\t\t\t\t<ul><li>Pr\u00e9servation des sols : plantation de haies autour de nos vignobles, enherbement des vignes, pratique de la confusion sexuelle.<\/li><\/ul><ul><li>Strat\u00e9gie phytosanitaire : R\u00e9gulation des traitements utilis\u00e9s,\u00a0 tri s\u00e9lectif des d\u00e9chets.<\/li><\/ul>\t\t\t\t\t\t<\/div>\n\t\t\t\t<\/div>\n\t\t\t\t<div class=\"elementor-element elementor-element-b63cefb elementor-widget elementor-widget-heading\" data-id=\"b63cefb\" data-element_type=\"widget\" data-widget_type=\"heading.default\">\n\t\t\t\t<div class=\"elementor-widget-container\">\n\t\t\t<h3 class=\"elementor-heading-title elementor-size-default\">Notre d\u00e9marche<\/h3>\t\t<\/div>\n\t\t\t\t<\/div>\n\t\t\t\t<div class=\"elementor-element elementor-element-fbdd1e1 elementor-widget elementor-widget-text-editor\" data-id=\"fbdd1e1\" data-element_type=\"widget\" data-widget_type=\"text-editor.default\">\n\t\t\t\t<div class=\"elementor-widget-container\">\n\t\t\t\t\t\t\t<p>Le Champagne Burguet cherche depuis des ann\u00e9es \u00e0 am\u00e9liorer ses conditions de travail de la Terre par des actions au fil des ann\u00e9es. Ce label HVE nous a pouss\u00e9 dans cette d\u00e9marche avec un cahier des charges complet. Il s&rsquo;agit d&rsquo;une belle \u00e9tape franchie, mais nous allons poursuivre cette qu\u00eate vers une viticulture des plus \u00e9thique tout en conservant la qualit\u00e9 de notre Champagne.\u00a0<\/p>\t\t\t\t\t\t<\/div>\n\t\t\t\t<\/div>\n\t\t\t\t\t<\/div>\n\t\t<\/div>\n\t\t\t\t\t<\/div>\n\t\t<\/section>\n\t\t\t\t\t<\/div>\n\t\t<\/div>\n\t\t\t\t\t<\/div>\n\t\t<\/section>\n\t\t\t\t<\/div>\n\t\t","protected":false},"excerpt":{"rendered":"<p>NOTRE HISTOIRE Crouttes sur Marne, petit village Champenois aux deux atouts, \u00e0 la fois aux portes de Paris mais aussi situ\u00e9 sur [&hellip;]<\/p>\n","protected":false},"author":1,"featured_media":0,"parent":0,"menu_order":0,"comment_status":"closed","ping_status":"closed","template":"","meta":{"om_disable_all_campaigns":false,"sfsi_plus_gutenberg_text_before_share":"","sfsi_plus_gutenberg_show_text_before_share":"","sfsi_plus_gutenberg_icon_type":"","sfsi_plus_gutenberg_icon_alignemt":"","sfsi_plus_gutenburg_max_per_row":"","_monsterinsights_skip_tracking":false,"_monsterinsights_sitenote_active":false,"_monsterinsights_sitenote_note":"","_monsterinsights_sitenote_category":0},"aioseo_notices":[],"_links":{"self":[{"href":"https:\/\/champagne-burguet.fr\/index.php\/wp-json\/wp\/v2\/pages\/361"}],"collection":[{"href":"https:\/\/champagne-burguet.fr\/index.php\/wp-json\/wp\/v2\/pages"}],"about":[{"href":"https:\/\/champagne-burguet.fr\/index.php\/wp-json\/wp\/v2\/types\/page"}],"author":[{"embeddable":true,"href":"https:\/\/champagne-burguet.fr\/index.php\/wp-json\/wp\/v2\/users\/1"}],"replies":[{"embeddable":true,"href":"https:\/\/champagne-burguet.fr\/index.php\/wp-json\/wp\/v2\/comments?post=361"}],"version-history":[{"count":40,"href":"https:\/\/champagne-burguet.fr\/index.php\/wp-json\/wp\/v2\/pages\/361\/revisions"}],"predecessor-version":[{"id":1023,"href":"https:\/\/champagne-burguet.fr\/index.php\/wp-json\/wp\/v2\/pages\/361\/revisions\/1023"}],"wp:attachment":[{"href":"https:\/\/champagne-burguet.fr\/index.php\/wp-json\/wp\/v2\/media?parent=361"}],"curies":[{"name":"wp","href":"https:\/\/api.w.org\/{rel}","templated":true}]}}